{"id":74,"date":"2017-09-24T09:57:32","date_gmt":"2017-09-24T12:57:32","guid":{"rendered":"http:\/\/www2.lapisecanetas.com.br\/?page_id=74"},"modified":"2026-03-07T07:05:40","modified_gmt":"2026-03-07T10:05:40","slug":"agendas-adiaria","status":"publish","type":"page","link":"http:\/\/www.lapisecanetas.com.br\/?page_id=74","title":{"rendered":"AGENDAS DI\u00c1RIA"},"content":{"rendered":"<p><img loading=\"lazy\" decoding=\"async\" class=\"wp-image-67 aligncenter\" src=\"http:\/\/www2.lapisecanetas.com.br\/wp-content\/uploads\/2017\/09\/todas01a-286x300.jpg\" alt=\"\" width=\"504\" height=\"529\" srcset=\"http:\/\/www.lapisecanetas.com.br\/wp-content\/uploads\/2017\/09\/todas01a-286x300.jpg 286w, http:\/\/www.lapisecanetas.com.br\/wp-content\/uploads\/2017\/09\/todas01a-768x805.jpg 768w, http:\/\/www.lapisecanetas.com.br\/wp-content\/uploads\/2017\/09\/todas01a-977x1024.jpg 977w, http:\/\/www.lapisecanetas.com.br\/wp-content\/uploads\/2017\/09\/todas01a.jpg 1239w\" sizes=\"auto, (max-width: 504px) 100vw, 504px\" \/><\/p>\n<p style=\"text-align: center;\"><span style=\"color: #000000;\"><strong><span style=\"color: #ff0000;\">AGENDAS DI\u00c1RIA 2026<\/span><br \/>\n&#8220;Personalizadas na Capa e Primeira P\u00e1gina&#8221;<\/strong><strong><br \/>\nCapa em couro sint\u00e9tico, costurada, formato 13,5 x 20,5,<br \/>\npapel offset 60 gramas, total de 352 p\u00e1ginas. Sendo:<br \/>\nDi\u00e1rio em p\u00e1ginas inteiras, Tabelas \u00fateis, Planejamento anual,<br \/>\n\u00edndice telef\u00f4nico, Mapas. <span style=\"color: #ff0000;\">*Fino Acabamento*.<\/span><\/strong><\/span><\/p>\n<table width=\"560\" cellpadding=\"0\" border=\"0\">\n<tbody>\n<tr>\n<td width=\"554\" height=\"314\">\n<table style=\"height: 5px;\" width=\"380\" cellpadding=\"0\" border=\"0\">\n<tbody>\n<tr>\n<td width=\"554\"><\/td>\n<\/tr>\n<\/tbody>\n<\/table>\n<\/td>\n<\/tr>\n<\/tbody>\n<\/table>\n","protected":false},"excerpt":{"rendered":"<p>AGENDAS DI\u00c1RIA 2026 &#8220;Personalizadas na Capa e Primeira P\u00e1gina&#8221; Capa em couro sint\u00e9tico, costurada, formato 13,5 x 20,5, papel offset 60 gramas, total de 352 p\u00e1ginas. Sendo: Di\u00e1rio em p\u00e1ginas inteiras, Tabelas \u00fateis, Planejamento anual, \u00edndice telef\u00f4nico, Mapas. *Fino Acabamento*.<\/p>\n","protected":false},"author":1,"featured_media":0,"parent":0,"menu_order":0,"comment_status":"closed","ping_status":"closed","template":"","meta":{"ngg_post_thumbnail":0,"footnotes":""},"class_list":["post-74","page","type-page","status-publish","hentry"],"_links":{"self":[{"href":"http:\/\/www.lapisecanetas.com.br\/index.php?rest_route=\/wp\/v2\/pages\/74","targetHints":{"allow":["GET"]}}],"collection":[{"href":"http:\/\/www.lapisecanetas.com.br\/index.php?rest_route=\/wp\/v2\/pages"}],"about":[{"href":"http:\/\/www.lapisecanetas.com.br\/index.php?rest_route=\/wp\/v2\/types\/page"}],"author":[{"embeddable":true,"href":"http:\/\/www.lapisecanetas.com.br\/index.php?rest_route=\/wp\/v2\/users\/1"}],"replies":[{"embeddable":true,"href":"http:\/\/www.lapisecanetas.com.br\/index.php?rest_route=%2Fwp%2Fv2%2Fcomments&post=74"}],"version-history":[{"count":7,"href":"http:\/\/www.lapisecanetas.com.br\/index.php?rest_route=\/wp\/v2\/pages\/74\/revisions"}],"predecessor-version":[{"id":2569,"href":"http:\/\/www.lapisecanetas.com.br\/index.php?rest_route=\/wp\/v2\/pages\/74\/revisions\/2569"}],"wp:attachment":[{"href":"http:\/\/www.lapisecanetas.com.br\/index.php?rest_route=%2Fwp%2Fv2%2Fmedia&parent=74"}],"curies":[{"name":"wp","href":"https:\/\/api.w.org\/{rel}","templated":true}]}}